{"id":1991,"date":"2023-04-15T15:37:32","date_gmt":"2023-04-15T15:37:32","guid":{"rendered":"https:\/\/hormed2008.com\/?page_id=1991"},"modified":"2023-04-15T15:44:38","modified_gmt":"2023-04-15T15:44:38","slug":"politica-de-privacidad","status":"publish","type":"page","link":"https:\/\/transporteshormed.com\/en\/politica-de-privacidad\/","title":{"rendered":"Privacy policy"},"content":{"rendered":"<div data-elementor-type=\"wp-page\" data-elementor-id=\"1991\" class=\"elementor elementor-1991\">\n\t\t\t\t\t\t\t\t\t<section class=\"elementor-section elementor-top-section elementor-element elementor-element-92279fc elementor-section-boxed elementor-section-height-default elementor-section-height-default\" data-id=\"92279fc\" data-element_type=\"section\">\n\t\t\t\t\t\t<div class=\"elementor-container elementor-column-gap-default\">\n\t\t\t\t\t<div class=\"elementor-column elementor-col-100 elementor-top-column elementor-element elementor-element-abd2536\" data-id=\"abd2536\" data-element_type=\"column\">\n\t\t\t<div class=\"elementor-widget-wrap elementor-element-populated\">\n\t\t\t\t\t\t\t\t<div class=\"elementor-element elementor-element-50e8d3e elementor-widget elementor-widget-heading\" data-id=\"50e8d3e\" data-element_type=\"widget\" data-widget_type=\"heading.default\">\n\t\t\t\t<div class=\"elementor-widget-container\">\n\t\t\t<style>\/*! elementor - v3.11.2 - 22-02-2023 *\/\n.elementor-heading-title{padding:0;margin:0;line-height:1}.elementor-widget-heading .elementor-heading-title[class*=elementor-size-]>a{color:inherit;font-size:inherit;line-height:inherit}.elementor-widget-heading .elementor-heading-title.elementor-size-small{font-size:15px}.elementor-widget-heading .elementor-heading-title.elementor-size-medium{font-size:19px}.elementor-widget-heading .elementor-heading-title.elementor-size-large{font-size:29px}.elementor-widget-heading .elementor-heading-title.elementor-size-xl{font-size:39px}.elementor-widget-heading .elementor-heading-title.elementor-size-xxl{font-size:59px}<\/style><h2 class=\"elementor-heading-title elementor-size-default\">Privacy policy<\/h2>\t\t<\/div>\n\t\t\t\t<\/div>\n\t\t\t\t<div class=\"elementor-element elementor-element-d7913e1 elementor-widget elementor-widget-text-editor\" data-id=\"d7913e1\" data-element_type=\"widget\" data-widget_type=\"text-editor.default\">\n\t\t\t\t<div class=\"elementor-widget-container\">\n\t\t\t<style>\/*! elementor - v3.11.2 - 22-02-2023 *\/\n.elementor-widget-text-editor.elementor-drop-cap-view-stacked .elementor-drop-cap{background-color:#818a91;color:#fff}.elementor-widget-text-editor.elementor-drop-cap-view-framed .elementor-drop-cap{color:#818a91;border:3px solid;background-color:transparent}.elementor-widget-text-editor:not(.elementor-drop-cap-view-default) .elementor-drop-cap{margin-top:8px}.elementor-widget-text-editor:not(.elementor-drop-cap-view-default) .elementor-drop-cap-letter{width:1em;height:1em}.elementor-widget-text-editor .elementor-drop-cap{float:left;text-align:center;line-height:1;font-size:50px}.elementor-widget-text-editor .elementor-drop-cap-letter{display:inline-block}<\/style>\t\t\t\t<div data-id=\"a6dd558\" data-element_type=\"widget\" data-widget_type=\"text-editor.default\"><section data-id=\"109488b\" data-element_type=\"section\"><div><div data-id=\"876343e\" data-element_type=\"column\"><div><div data-id=\"ca3604b\" data-element_type=\"widget\" data-widget_type=\"heading.default\"><p>En cumplimiento de las obligaciones establecidas en la Ley Org\u00e1nica 3\/2018, de 5 de diciembre, de Protecci\u00f3n de Datos Personales y Garant\u00eda\u00a0 de los Derechos Digitales se le facilita la informaci\u00f3n relativa al tratamiento de sus datos personales:<\/p><p><b>\u00bfQui\u00e9n es el responsable del tratamiento de tus datos?<\/b><\/p><div title=\"Page 1\"><div><div><div><p>HORMED 2008 SL<\/p><\/div><\/div><\/div><\/div><div title=\"Page 1\"><div><div><div><p>CIF: B64788367<\/p><\/div><\/div><\/div><\/div><p>Domicilio: Carrer Alemanya n\u00ba16, oficina 25.<\/p><p>Mail: <a href=\"mailto:operaciones@hormed2008.com\" target=\"_blank\" rel=\"noopener\"><span class=\"il\">operaciones@hormed2008.com<\/span><\/a><\/p><\/div><\/div><\/div><\/div><\/section><section data-id=\"6ba839df\" data-element_type=\"section\"><div data-id=\"38b15612\" data-element_type=\"column\"><div data-id=\"1193a75d\" data-element_type=\"widget\" data-widget_type=\"text-editor.default\"><p>La presente Pol\u00edtica de Privacidad establece los t\u00e9rminos en que HORMED utiliza y protege la informaci\u00f3n que es proporcionada por sus usuarios al momento de utilizar su sitio web. Esta compa\u00f1\u00eda est\u00e1 comprometida con la seguridad de los datos de sus usuarios. Cuando le pedimos llenar los campos de informaci\u00f3n personal con la cual usted pueda ser identificado, lo hacemos asegurando que s\u00f3lo se emplear\u00e1 de acuerdo con los t\u00e9rminos de este documento. Sin embargo esta Pol\u00edtica de Privacidad puede cambiar con el tiempo o ser actualizada por lo que le recomendamos y enfatizamos revisar continuamente esta p\u00e1gina para asegurarse que est\u00e1 de acuerdo con dichos cambios.<\/p><h2>\u00a0<\/h2><h2>Informaci\u00f3n que es recogida<\/h2><p>Nuestro sitio web podr\u00e1 recoger informaci\u00f3n personal por ejemplo: Nombre,\u00a0 informaci\u00f3n de contacto como\u00a0 su direcci\u00f3n de correo electr\u00f3nico e informaci\u00f3n demogr\u00e1fica.<\/p><p><b>CONTACTOS DE LA WEB O DEL CORREO ELECTR\u00d3NICO<\/b><\/p><p><b>\u00bfQu\u00e9 datos recopilamos a trav\u00e9s de la Web?<\/b><\/p><p>Podemos tratar tu IP, qu\u00e9 sistema operativo o navegador usas, e incluso la duraci\u00f3n de tu visita, de forma an\u00f3nima.<\/p><p>Si nos facilitas datos en el formulario de contacto, te identificar\u00e1s para poder contactar contigo, en caso de que sea necesario.<\/p><h3>\u00a0<\/h3><h3>Uso de la informaci\u00f3n recogida<\/h3><p>Nuestro sitio web emplea la informaci\u00f3n con el fin de proporcionar el mejor servicio posible, particularmente para mantener un registro de usuarios, de pedidos en caso que aplique, y mejorar nuestros productos y servicios. \u00a0Es posible que sean enviados correos electr\u00f3nicos peri\u00f3dicamente a trav\u00e9s de nuestro sitio con ofertas especiales, nuevos productos y otra informaci\u00f3n publicitaria que consideremos relevante para usted o que pueda brindarle alg\u00fan beneficio, estos correos electr\u00f3nicos ser\u00e1n enviados a la direcci\u00f3n que usted proporcione y podr\u00e1n ser cancelados en cualquier momento.<\/p><ul><li aria-level=\"1\">Contestar a tus consultas, solicitudes o peticiones.<\/li><li aria-level=\"1\">Gestionar el servicio solicitado, contestar tu solicitud, o tramitar tu petici\u00f3n.<\/li><li aria-level=\"1\">Informaci\u00f3n por medios electr\u00f3nicos, que versen sobre tu solicitud.<\/li><li aria-level=\"1\">Informaci\u00f3n comercial o de eventos por medios electr\u00f3nicos, siempre que exista autorizaci\u00f3n expresa.<\/li><li aria-level=\"1\">Realizar an\u00e1lisis y mejoras en la Web, sobre nuestros productos y servicios.\u00a0 Mejorar nuestra estrategia comercial.<\/li><\/ul><p>HORMED est\u00e1 altamente comprometido para cumplir con el compromiso de mantener su informaci\u00f3n segura. Usamos los sistemas m\u00e1s avanzados y los actualizamos constantemente para asegurarnos que no exista ning\u00fan acceso no autorizado.<\/p><p><b>\u00bfQu\u00e9 Derechos tienes?<\/b><\/p><ul><li aria-level=\"1\">A saber si estamos tratando tus datos o no.<\/li><li aria-level=\"1\">A acceder a tus datos personales.<\/li><li aria-level=\"1\">A solicitar la rectificaci\u00f3n de tus datos si son inexactos.<\/li><li aria-level=\"1\">A solicitar la supresi\u00f3n de tus datos si ya no son necesarios para los fines para los que fueron recogidos o si nos retiras el consentimiento otorgado.<\/li><li aria-level=\"1\">A solicitar la limitaci\u00f3n del tratamiento de sus datos, en algunos supuestos, en cuyo caso s\u00f3lo los conservaremos de acuerdo con la normativa vigente.<\/li><li aria-level=\"1\">A portar tus datos, que te ser\u00e1n facilitados en un formato estructurado, de uso com\u00fan o lectura mec\u00e1nica. Si lo prefieres, se los podemos enviar al nuevo responsable que nos designes. S\u00f3lo es v\u00e1lido en determinados supuestos.<\/li><li aria-level=\"1\">A presentar una reclamaci\u00f3n ante la Agencia Espa\u00f1ola de Protecci\u00f3n de Datos o autoridad de control competente, si crees que no te hemos atendido correctamente.<\/li><li aria-level=\"1\">A revocar el consentimiento para cualquier tratamiento para el que hayas consentido, en cualquier momento.<\/li><\/ul><h3>\u00a0<\/h3><h3>Cookies<\/h3><p>Una cookie se refiere a un fichero que es enviado con la finalidad de solicitar permiso para almacenarse en su ordenador, al aceptar dicho fichero se crea y la cookie sirve entonces para tener informaci\u00f3n respecto al tr\u00e1fico web, y tambi\u00e9n facilita las futuras visitas a una web recurrente. Otra funci\u00f3n que tienen las cookies es que con ellas las web pueden reconocerte individualmente y por tanto brindarte el mejor servicio personalizado de su web.<\/p><p>Nuestro sitio web emplea las cookies para poder identificar las p\u00e1ginas que son visitadas y su frecuencia. Esta informaci\u00f3n es empleada \u00fanicamente para an\u00e1lisis estad\u00edstico y despu\u00e9s la informaci\u00f3n se elimina de forma permanente. Usted puede eliminar las cookies en cualquier momento desde su ordenador. Sin embargo las cookies ayudan a proporcionar un mejor servicio de los sitios web, est\u00e1s no dan acceso a informaci\u00f3n de su ordenador ni de usted, a menos de que usted as\u00ed lo quiera y la proporcione directamente Usted puede aceptar o negar el uso de cookies, sin embargo la mayor\u00eda de navegadores aceptan cookies autom\u00e1ticamente pues sirve para tener un mejor servicio web. Tambi\u00e9n usted puede cambiar la configuraci\u00f3n de su ordenador para declinar las cookies. Si se declinan es posible que no pueda utilizar algunos de nuestros servicios.<\/p><p><b>\u00bfQu\u00e9 tipo de Cookies utiliza esta p\u00e1gina web?\u00a0<\/b><\/p><p>A continuaci\u00f3n se muestra una tabla con las\u00a0<b>Cookies\u00a0<\/b>utilizadas en este sitio web:<\/p><table cellspacing=\"0\" cellpadding=\"0\"><tbody><tr><td valign=\"top\"><p><b>DOMINIO<\/b><\/p><\/td><td valign=\"top\"><p><b>NOMBRE DE LA COOKIE<\/b><\/p><\/td><td valign=\"top\"><p><b>DESCRIPCION \/ FINALIDAD<\/b><\/p><\/td><td valign=\"top\"><p><b>PROVEEDOR<\/b><\/p><\/td><td valign=\"top\"><p><b>CADUCIDAD<\/b><\/p><\/td><\/tr><tr><td valign=\"top\"><blockquote data-secret=\"eH1kcrxzq8\">https:\/\/hormed2008.com<\/blockquote><\/td><td valign=\"top\"><p>_utma<\/p><\/td><td valign=\"top\"><p>Medici\u00f3n interna \/ anal\u00edtica web<\/p><\/td><td valign=\"top\"><p>Propias<\/p><\/td><td valign=\"top\"><p>2 a\u00f1os desde que se creo inicialmente o se restableci\u00f3<\/p><\/td><\/tr><tr><td valign=\"top\"><blockquote data-secret=\"eH1kcrxzq8\">https:\/\/hormed2008.com<\/blockquote><\/td><td valign=\"top\"><p>_utmb<\/p><\/td><td valign=\"top\"><p>Distinguir usuarios asignando un identificador aleatorio \u00fanico.<\/p><\/td><td valign=\"top\"><p>Terceros (Google Analytics)<\/p><\/td><td valign=\"top\"><p>2 a\u00f1os desde que se creo inicialmente o se restableci\u00f3<\/p><\/td><\/tr><tr><td valign=\"top\">https:\/\/hormed2008.com<\/td><td valign=\"top\"><p>cdp-cookies-plugin-wp<\/p><\/td><td valign=\"top\"><p>Aceptaci\u00f3n pol\u00edtica de cookies<\/p><\/td><td valign=\"top\"><p>Propias<\/p><\/td><td valign=\"top\"><p>2 a\u00f1os desde que se creo inicialmente o se restableci\u00f3<\/p><\/td><\/tr><tr><td valign=\"top\">\u00a0<\/td><td valign=\"top\">\u00a0<\/td><td valign=\"top\">\u00a0<\/td><td valign=\"top\">\u00a0<\/td><td valign=\"top\">\u00a0<\/td><\/tr><\/tbody><\/table><h3>\u00a0<\/h3><div>Conoce m\u00e1s sobre nuestra pol\u00edtica de Cookies <a href=\"https:\/\/transporteshormed.com\/en\/politica-de-cookies\/\">aqu\u00ed<\/a><\/div><div>\u00a0<\/div><h3>Enlaces a Terceros<\/h3><p>Este sitio web pudiera contener en laces a otros sitios que pudieran ser de su inter\u00e9s. Una vez que usted de clic en estos enlaces y abandone nuestra p\u00e1gina, ya no tenemos control sobre al sitio al que es redirigido y por lo tanto no somos responsables de los t\u00e9rminos o privacidad ni de la protecci\u00f3n de sus datos en esos otros sitios terceros. Dichos sitios est\u00e1n sujetos a sus propias pol\u00edticas de privacidad por lo cual es recomendable que los consulte para confirmar que usted est\u00e1 de acuerdo con estas.<\/p><h2>\u00a0<\/h2><h2>Control de su informaci\u00f3n personal<\/h2><p>En cualquier momento usted puede restringir la recopilaci\u00f3n o el uso de la informaci\u00f3n personal que es proporcionada a nuestro sitio web.\u00a0 Cada vez que se le solicite rellenar un formulario, como el de alta de usuario, puede marcar o desmarcar la opci\u00f3n de recibir informaci\u00f3n por correo electr\u00f3nico. \u00a0En caso de que haya marcado la opci\u00f3n de recibir nuestro bolet\u00edn o publicidad usted puede cancelarla en cualquier momento.<\/p><p>Esta compa\u00f1\u00eda no vender\u00e1, ceder\u00e1 ni distribuir\u00e1 la informaci\u00f3n personal que es recopilada sin su consentimiento, salvo que sea requerido por un juez con un orden judicial.<\/p><p>HORMED se reserva el derecho de cambiar los t\u00e9rminos de la presente Pol\u00edtica de Privacidad en cualquier momento.<\/p><\/div><\/div><\/section><\/div><div data-id=\"fbc0574\" data-element_type=\"widget\" data-widget_type=\"spacer.default\"><div><div>\u00a0<\/div><\/div><\/div>\t\t\t\t\t\t<\/div>\n\t\t\t\t<\/div>\n\t\t\t\t\t<\/div>\n\t\t<\/div>\n\t\t\t\t\t\t\t<\/div>\n\t\t<\/section>\n\t\t\t\t\t\t\t<\/div>","protected":false},"excerpt":{"rendered":"<p>Pol\u00edtica de Privacidad En cumplimiento de las obligaciones establecidas en la Ley Org\u00e1nica 3\/2018, de 5 de diciembre, de Protecci\u00f3n de Datos Personales y Garant\u00eda\u00a0 de los Derechos Digitales se le facilita la informaci\u00f3n relativa al tratamiento de sus datos personales: \u00bfQui\u00e9n es el responsable del tratamiento de tus datos? HORMED 2008 SL CIF: B64788367 [&hellip;]<\/p>","protected":false},"author":4,"featured_media":0,"parent":0,"menu_order":0,"comment_status":"closed","ping_status":"closed","template":"elementor_header_footer","meta":[],"_links":{"self":[{"href":"https:\/\/transporteshormed.com\/en\/wp-json\/wp\/v2\/pages\/1991"}],"collection":[{"href":"https:\/\/transporteshormed.com\/en\/wp-json\/wp\/v2\/pages"}],"about":[{"href":"https:\/\/transporteshormed.com\/en\/wp-json\/wp\/v2\/types\/page"}],"author":[{"embeddable":true,"href":"https:\/\/transporteshormed.com\/en\/wp-json\/wp\/v2\/users\/4"}],"replies":[{"embeddable":true,"href":"https:\/\/transporteshormed.com\/en\/wp-json\/wp\/v2\/comments?post=1991"}],"version-history":[{"count":4,"href":"https:\/\/transporteshormed.com\/en\/wp-json\/wp\/v2\/pages\/1991\/revisions"}],"predecessor-version":[{"id":1997,"href":"https:\/\/transporteshormed.com\/en\/wp-json\/wp\/v2\/pages\/1991\/revisions\/1997"}],"wp:attachment":[{"href":"https:\/\/transporteshormed.com\/en\/wp-json\/wp\/v2\/media?parent=1991"}],"curies":[{"name":"wp","href":"https:\/\/api.w.org\/{rel}","templated":true}]}}